





{"id":643929,"date":"2026-01-26T11:06:10","date_gmt":"2026-01-26T10:06:10","guid":{"rendered":"https:\/\/m3caravaning.com\/?page_id=643929"},"modified":"2026-01-26T11:06:10","modified_gmt":"2026-01-26T10:06:10","slug":"fendt-triple-guanyadora-en-les-caravanes-de-lany-2026","status":"publish","type":"page","link":"https:\/\/m3caravaning.com\/ca\/fendt-triple-guanyadora-en-les-caravanes-de-lany-2026\/","title":{"rendered":"Fendt, triple guanyadora en les \u201cCaravanes de l&#8217;Any 2026\u201d"},"content":{"rendered":"<p>La qualitat, la innovaci\u00f3 i el disseny tornen a situar a Fendt-Caravan en el m\u00e9s alt del sector caravaning europeu. En la prestigiosa elecci\u00f3 dels lectors \u201cCaravanes de l&#8217;Any 2026\u201d, organitzada per Motor Presse Stuttgart i la revista especialitzada CARAVANING, la marca alemanya ha aconseguit un resultat excepcional: tres de les seves gammes han estat triades com a n\u00famero u en les seves respectives categories.<\/p>\n<p>Un reconeixement que refor\u00e7a el prestigi de\u00a0Fendt\u00a0com un dels fabricants de caravanes m\u00e9s valorats pels usuaris i experts del sector.<\/p>\n<p>Un premi decidit pels propis usuaris<\/p>\n<p>Els premis \u201cCaravans\u00a0de l&#8217;Any\u201d es concedeixen anualment mitjan\u00e7ant la votaci\u00f3 dels lectors de la revista\u00a0CARAVANING. En aquesta edici\u00f3 han participat m\u00e9s de 65 models, avaluats segons criteris clau com la qualitat de fabricaci\u00f3, funcionalitat, disseny i concepte general del vehicle.<\/p>\n<p>El fet que tres gammes\u00a0Fendt\u00a0hagin aconseguit el primer lloc demostra l&#8217;excel\u00b7lent percepci\u00f3 que tenen els\u00a0caravanistas\u00a0de la marca i el seu comprom\u00eds constant amb l&#8217;excel\u00b7l\u00e8ncia.<\/p>\n<p>Tres gammes\u00a0Fendt, l\u00edders en el seu segment<\/p>\n<p>Els models premiats en els \u201cCaravans\u00a0de l&#8217;Any 2026\u201d s\u00f3n:<\/p>\n<p>Gamma mitjana:<br \/>\n<img decoding=\"async\" class=\"emoji\" role=\"img\" draggable=\"false\" src=\"https:\/\/s.w.org\/images\/core\/emoji\/17.0.2\/svg\/1f3c6.svg\" alt=\"\ud83c\udfc6\" \/>\u00a0Bianco\u00a0Selection\u00a0\/\u00a0Bianco\u00a0Activ<br \/>\nCaravanes vers\u00e0tils, modernes i molt equilibrades, ideals tant per a escapades curtes com per a llargues estades.<\/p>\n<p>Gamma mitjana-alta:<br \/>\n<img decoding=\"async\" class=\"emoji\" role=\"img\" draggable=\"false\" src=\"https:\/\/s.w.org\/images\/core\/emoji\/17.0.2\/svg\/1f3c6.svg\" alt=\"\ud83c\udfc6\" \/>\u00a0Tendenza<br \/>\nDestaca pel seu disseny elegant, equipament complet i una sensaci\u00f3 de confort superior.<\/p>\n<p>Gamma alta i luxe:<br \/>\n<img decoding=\"async\" class=\"emoji\" role=\"img\" draggable=\"false\" src=\"https:\/\/s.w.org\/images\/core\/emoji\/17.0.2\/svg\/1f3c6.svg\" alt=\"\ud83c\udfc6\" \/>\u00a0Diamant<br \/>\nEl m\u00e0xim exponent del luxe i l&#8217;exclusivitat en caravanes\u00a0Fendt, amb materials\u00a0premium\u00a0i un nivell d&#8217;acabats excel\u00b7lent.<\/p>\n<p>Qualitat, durabilitat i valor a llarg termini<\/p>\n<p>Aquests guardons reflecteixen la filosofia de\u00a0Fendt-*Caravan: crear vehicles d&#8217;oci duradors, funcionals i confortables, amb distribucions ben pensades i una alta estabilitat de valor. No es tracta nom\u00e9s de gaudir del viatge, sin\u00f3 de comptar amb un company fiable durant molts anys de vacances.<\/p>\n<p>A m\u00e9s, la marca aposta per una producci\u00f3 responsable, relacions s\u00f2lides amb distribu\u00efdors i prove\u00efdors, i un entorn laboral estable per al seu equip hum\u00e0.<\/p>\n<p>Fendt\u00a0en M3\u00a0Caravaning<\/p>\n<p>En M3\u00a0Caravaning\u00a0compartim plenament els valors de\u00a0Fendt: qualitat, confian\u00e7a i passi\u00f3 pel\u00a0caravaning. Per aix\u00f2, comptar amb una marca que lidera tres categories en els \u201cCaravanes de l&#8217;Any 2026\u201d \u00e9s una garantia m\u00e9s per als nostres clients.<\/p>\n<p>Si est\u00e0s buscant una caravana que combini prestacions, disseny i fiabilitat, les gammes\u00a0Fendt\u00a0s\u00f3n, sens dubte, una aposta segura.<\/p>\n","protected":false},"excerpt":{"rendered":"<p>La qualitat, la innovaci\u00f3 i el disseny tornen a situar a Fendt-Caravan en el m\u00e9s alt del sector caravaning europeu. En la prestigiosa elecci\u00f3 dels lectors \u201cCaravanes de l&#8217;Any 2026\u201d, organitzada per Motor Presse Stuttgart i la revista especialitzada CARAVANING, la marca alemanya ha aconseguit un resultat excepcional: tres de les seves gammes han estat<\/p>\n","protected":false},"author":2,"featured_media":643927,"parent":0,"menu_order":0,"comment_status":"closed","ping_status":"closed","template":"","meta":{"footnotes":""},"yoast_head":"<!-- This site is optimized with the Yoast SEO plugin v22.4 - https:\/\/yoast.com\/wordpress\/plugins\/seo\/ -->\n<title>Fendt, triple guanyadora en les \u201cCaravanes de l&#039;Any 2026\u201d<\/title>\n<meta name=\"description\" content=\"Informa&#039;t sobre la gran i reeixida participaci\u00f3 de Fendt en els premis &quot;Caravanes de l&#039;Any 2026&quot; on ha estat guardonada amb 3 premis.\" \/>\n<meta name=\"robots\" content=\"index, follow, max-snippet:-1, max-image-preview:large, max-video-preview:-1\" \/>\n<link rel=\"canonical\" href=\"https:\/\/m3caravaning.com\/ca\/fendt-triple-guanyadora-en-les-caravanes-de-lany-2026\/\" \/>\n<meta property=\"og:locale\" content=\"ca_ES\" \/>\n<meta property=\"og:type\" content=\"article\" \/>\n<meta property=\"og:title\" content=\"Fendt, triple guanyadora en les \u201cCaravanes de l&#039;Any 2026\u201d\" \/>\n<meta property=\"og:description\" content=\"Informa&#039;t sobre la gran i reeixida participaci\u00f3 de Fendt en els premis &quot;Caravanes de l&#039;Any 2026&quot; on ha estat guardonada amb 3 premis.\" \/>\n<meta property=\"og:url\" content=\"https:\/\/m3caravaning.com\/ca\/fendt-triple-guanyadora-en-les-caravanes-de-lany-2026\/\" \/>\n<meta property=\"og:site_name\" content=\"Autocaravanas, caravanas y furgonetas campers nuevas, ocasi\u00f3n y segunda mano\" \/>\n<meta property=\"article:publisher\" content=\"https:\/\/www.facebook.com\/m3caravaning\" \/>\n<meta property=\"og:image\" content=\"https:\/\/m3caravaning.com\/wp-content\/uploads\/2026\/01\/unnamed.jpg\" \/>\n\t<meta property=\"og:image:width\" content=\"1782\" \/>\n\t<meta property=\"og:image:height\" content=\"1002\" \/>\n\t<meta property=\"og:image:type\" content=\"image\/jpeg\" \/>\n<meta name=\"twitter:card\" content=\"summary_large_image\" \/>\n<meta name=\"twitter:site\" content=\"@M3Caravaning\" \/>\n<meta name=\"twitter:label1\" content=\"Est. reading time\" \/>\n\t<meta name=\"twitter:data1\" content=\"3 minutes\" \/>\n<script type=\"application\/ld+json\" class=\"yoast-schema-graph\">{\"@context\":\"https:\/\/schema.org\",\"@graph\":[{\"@type\":\"WebPage\",\"@id\":\"https:\/\/m3caravaning.com\/ca\/fendt-triple-guanyadora-en-les-caravanes-de-lany-2026\/\",\"url\":\"https:\/\/m3caravaning.com\/ca\/fendt-triple-guanyadora-en-les-caravanes-de-lany-2026\/\",\"name\":\"Fendt, triple guanyadora en les \u201cCaravanes de l'Any 2026\u201d\",\"isPartOf\":{\"@id\":\"https:\/\/m3caravaning.com\/ca\/#website\"},\"primaryImageOfPage\":{\"@id\":\"https:\/\/m3caravaning.com\/ca\/fendt-triple-guanyadora-en-les-caravanes-de-lany-2026\/#primaryimage\"},\"image\":{\"@id\":\"https:\/\/m3caravaning.com\/ca\/fendt-triple-guanyadora-en-les-caravanes-de-lany-2026\/#primaryimage\"},\"thumbnailUrl\":\"https:\/\/m3caravaning.com\/wp-content\/uploads\/2026\/01\/unnamed.jpg\",\"datePublished\":\"2026-01-26T10:06:10+00:00\",\"dateModified\":\"2026-01-26T10:06:10+00:00\",\"description\":\"Informa't sobre la gran i reeixida participaci\u00f3 de Fendt en els premis \\\"Caravanes de l'Any 2026\\\" on ha estat guardonada amb 3 premis.\",\"breadcrumb\":{\"@id\":\"https:\/\/m3caravaning.com\/ca\/fendt-triple-guanyadora-en-les-caravanes-de-lany-2026\/#breadcrumb\"},\"inLanguage\":\"ca\",\"potentialAction\":[{\"@type\":\"ReadAction\",\"target\":[\"https:\/\/m3caravaning.com\/ca\/fendt-triple-guanyadora-en-les-caravanes-de-lany-2026\/\"]}]},{\"@type\":\"ImageObject\",\"inLanguage\":\"ca\",\"@id\":\"https:\/\/m3caravaning.com\/ca\/fendt-triple-guanyadora-en-les-caravanes-de-lany-2026\/#primaryimage\",\"url\":\"https:\/\/m3caravaning.com\/wp-content\/uploads\/2026\/01\/unnamed.jpg\",\"contentUrl\":\"https:\/\/m3caravaning.com\/wp-content\/uploads\/2026\/01\/unnamed.jpg\",\"width\":1782,\"height\":1002},{\"@type\":\"BreadcrumbList\",\"@id\":\"https:\/\/m3caravaning.com\/ca\/fendt-triple-guanyadora-en-les-caravanes-de-lany-2026\/#breadcrumb\",\"itemListElement\":[{\"@type\":\"ListItem\",\"position\":1,\"name\":\"Portada\",\"item\":\"https:\/\/m3caravaning.com\/ca\/\"},{\"@type\":\"ListItem\",\"position\":2,\"name\":\"Fendt, triple guanyadora en les \u201cCaravanes de l&#8217;Any 2026\u201d\"}]},{\"@type\":\"WebSite\",\"@id\":\"https:\/\/m3caravaning.com\/ca\/#website\",\"url\":\"https:\/\/m3caravaning.com\/ca\/\",\"name\":\"Autocaravanas, caravanas y furgonetas campers nuevas, ocasi\u00f3n y segunda mano\",\"description\":\"Tu tienda de autocaravanas, campers y caravanas nuevas y de segunda mano. Alquiler, tienda de recambios, taller, seguros, etc.\",\"potentialAction\":[{\"@type\":\"SearchAction\",\"target\":{\"@type\":\"EntryPoint\",\"urlTemplate\":\"https:\/\/m3caravaning.com\/ca\/?s={search_term_string}\"},\"query-input\":\"required name=search_term_string\"}],\"inLanguage\":\"ca\"}]}<\/script>\n<!-- \/ Yoast SEO plugin. -->","yoast_head_json":{"title":"Fendt, triple guanyadora en les \u201cCaravanes de l'Any 2026\u201d","description":"Informa't sobre la gran i reeixida participaci\u00f3 de Fendt en els premis \"Caravanes de l'Any 2026\" on ha estat guardonada amb 3 premis.","robots":{"index":"index","follow":"follow","max-snippet":"max-snippet:-1","max-image-preview":"max-image-preview:large","max-video-preview":"max-video-preview:-1"},"canonical":"https:\/\/m3caravaning.com\/ca\/fendt-triple-guanyadora-en-les-caravanes-de-lany-2026\/","og_locale":"ca_ES","og_type":"article","og_title":"Fendt, triple guanyadora en les \u201cCaravanes de l'Any 2026\u201d","og_description":"Informa't sobre la gran i reeixida participaci\u00f3 de Fendt en els premis \"Caravanes de l'Any 2026\" on ha estat guardonada amb 3 premis.","og_url":"https:\/\/m3caravaning.com\/ca\/fendt-triple-guanyadora-en-les-caravanes-de-lany-2026\/","og_site_name":"Autocaravanas, caravanas y furgonetas campers nuevas, ocasi\u00f3n y segunda mano","article_publisher":"https:\/\/www.facebook.com\/m3caravaning","og_image":[{"width":1782,"height":1002,"url":"https:\/\/m3caravaning.com\/wp-content\/uploads\/2026\/01\/unnamed.jpg","type":"image\/jpeg"}],"twitter_card":"summary_large_image","twitter_site":"@M3Caravaning","twitter_misc":{"Est. reading time":"3 minutes"},"schema":{"@context":"https:\/\/schema.org","@graph":[{"@type":"WebPage","@id":"https:\/\/m3caravaning.com\/ca\/fendt-triple-guanyadora-en-les-caravanes-de-lany-2026\/","url":"https:\/\/m3caravaning.com\/ca\/fendt-triple-guanyadora-en-les-caravanes-de-lany-2026\/","name":"Fendt, triple guanyadora en les \u201cCaravanes de l'Any 2026\u201d","isPartOf":{"@id":"https:\/\/m3caravaning.com\/ca\/#website"},"primaryImageOfPage":{"@id":"https:\/\/m3caravaning.com\/ca\/fendt-triple-guanyadora-en-les-caravanes-de-lany-2026\/#primaryimage"},"image":{"@id":"https:\/\/m3caravaning.com\/ca\/fendt-triple-guanyadora-en-les-caravanes-de-lany-2026\/#primaryimage"},"thumbnailUrl":"https:\/\/m3caravaning.com\/wp-content\/uploads\/2026\/01\/unnamed.jpg","datePublished":"2026-01-26T10:06:10+00:00","dateModified":"2026-01-26T10:06:10+00:00","description":"Informa't sobre la gran i reeixida participaci\u00f3 de Fendt en els premis \"Caravanes de l'Any 2026\" on ha estat guardonada amb 3 premis.","breadcrumb":{"@id":"https:\/\/m3caravaning.com\/ca\/fendt-triple-guanyadora-en-les-caravanes-de-lany-2026\/#breadcrumb"},"inLanguage":"ca","potentialAction":[{"@type":"ReadAction","target":["https:\/\/m3caravaning.com\/ca\/fendt-triple-guanyadora-en-les-caravanes-de-lany-2026\/"]}]},{"@type":"ImageObject","inLanguage":"ca","@id":"https:\/\/m3caravaning.com\/ca\/fendt-triple-guanyadora-en-les-caravanes-de-lany-2026\/#primaryimage","url":"https:\/\/m3caravaning.com\/wp-content\/uploads\/2026\/01\/unnamed.jpg","contentUrl":"https:\/\/m3caravaning.com\/wp-content\/uploads\/2026\/01\/unnamed.jpg","width":1782,"height":1002},{"@type":"BreadcrumbList","@id":"https:\/\/m3caravaning.com\/ca\/fendt-triple-guanyadora-en-les-caravanes-de-lany-2026\/#breadcrumb","itemListElement":[{"@type":"ListItem","position":1,"name":"Portada","item":"https:\/\/m3caravaning.com\/ca\/"},{"@type":"ListItem","position":2,"name":"Fendt, triple guanyadora en les \u201cCaravanes de l&#8217;Any 2026\u201d"}]},{"@type":"WebSite","@id":"https:\/\/m3caravaning.com\/ca\/#website","url":"https:\/\/m3caravaning.com\/ca\/","name":"Autocaravanas, caravanas y furgonetas campers nuevas, ocasi\u00f3n y segunda mano","description":"Tu tienda de autocaravanas, campers y caravanas nuevas y de segunda mano. Alquiler, tienda de recambios, taller, seguros, etc.","potentialAction":[{"@type":"SearchAction","target":{"@type":"EntryPoint","urlTemplate":"https:\/\/m3caravaning.com\/ca\/?s={search_term_string}"},"query-input":"required name=search_term_string"}],"inLanguage":"ca"}]}},"_links":{"self":[{"href":"https:\/\/m3caravaning.com\/ca\/wp-json\/wp\/v2\/pages\/643929"}],"collection":[{"href":"https:\/\/m3caravaning.com\/ca\/wp-json\/wp\/v2\/pages"}],"about":[{"href":"https:\/\/m3caravaning.com\/ca\/wp-json\/wp\/v2\/types\/page"}],"author":[{"embeddable":true,"href":"https:\/\/m3caravaning.com\/ca\/wp-json\/wp\/v2\/users\/2"}],"replies":[{"embeddable":true,"href":"https:\/\/m3caravaning.com\/ca\/wp-json\/wp\/v2\/comments?post=643929"}],"version-history":[{"count":1,"href":"https:\/\/m3caravaning.com\/ca\/wp-json\/wp\/v2\/pages\/643929\/revisions"}],"predecessor-version":[{"id":643930,"href":"https:\/\/m3caravaning.com\/ca\/wp-json\/wp\/v2\/pages\/643929\/revisions\/643930"}],"wp:featuredmedia":[{"embeddable":true,"href":"https:\/\/m3caravaning.com\/ca\/wp-json\/wp\/v2\/media\/643927"}],"wp:attachment":[{"href":"https:\/\/m3caravaning.com\/ca\/wp-json\/wp\/v2\/media?parent=643929"}],"curies":[{"name":"wp","href":"https:\/\/api.w.org\/{rel}","templated":true}]}}